{"id":35,"date":"2020-04-03T21:03:30","date_gmt":"2020-04-03T21:03:30","guid":{"rendered":"https:\/\/puustjarvenviehe.fi\/?page_id=35"},"modified":"2020-04-04T15:36:20","modified_gmt":"2020-04-04T15:36:20","slug":"35-2","status":"publish","type":"page","link":"https:\/\/puustjarvenviehe.fi\/?page_id=35","title":{"rendered":"Historia"},"content":{"rendered":"\n\t\t\t\t<img loading=\"lazy\" decoding=\"async\" src=\"https:\/\/puustjarvenviehe.fi\/wp-content\/uploads\/2020\/04\/Logo-300x300.jpeg\" alt=\"Logo\" itemprop=\"image\" height=\"300\" width=\"300\" title=\"Logo\" onerror=\"this.style.display='none'\"  \/>\n<h1>\n\t\tPuustj\u00e4rven tuotteet ovat jo vuosikymmenten ajan kuuluneet jokaisen kalastajan perusvalikoimiin.\n\t<\/h1>\n\tAugust Puustj\u00e4rvi &#8221;kello-August&#8221; perusti Puustj\u00e4rven 1800-luvulla. August aloitti kello-ja kultasepp\u00e4n\u00e4, mutta toiminta laajeni my\u00f6hemmin my\u00f6s uistinten valmistukseen ja myyntiin. Pilkkej\u00e4 Puustj\u00e4rvi alkoi tehd\u00e4 arviolta 1950 -luvulla. Toiminnan laajentuessa yhti\u00f6 jaettiin Puustj\u00e4rven kello-ja kultaliikkeeseen sek\u00e4 H. Puustj\u00e4rvi Oy:n. 1986 omistajan vaihtuessa nimi muutettiin Puustj\u00e4rven Viehe Ky:ksi ja toiminta siirtyi Vehmersalmelle. Vuonna 2004 tehdas muutti Iisalmeen, jossa se toimii edelleen. 2010 Puustj\u00e4rven viehe Ky, muutettiin osakeyhti\u00f6ksi. Nykyiset omistajat aloittivat yritt\u00e4jin\u00e4 marraskuussa 2019.<br \/>\n\n\t\t\t\t<img loading=\"lazy\" decoding=\"async\" src=\"https:\/\/puustjarvenviehe.fi\/wp-content\/uploads\/2020\/04\/Logo-300x300.jpeg\" alt=\"Logo\" itemprop=\"image\" height=\"300\" width=\"300\" title=\"Logo\" onerror=\"this.style.display='none'\"  \/>\n\t<h4>Olemme auki<\/h4>\n<table>\n<colgroup>\n<col \/>\n<col \/> <\/colgroup>\n<tbody>\n<tr>\n<td>Maanantai &#8211; Perjantai<br \/>\n<\/td>\n<td>8:00\u00a0 &#8211; 16:00<br \/>\n<\/td>\n<\/tr>\n<tr>\n<td>Lauantai<\/td>\n<td>Suljettu<\/td>\n<\/tr>\n<tr>\n<td>Sunnuntai<\/td>\n<td>Suljettu<\/td>\n<\/tr>\n<\/tbody>\n<\/table>\n\t<h4>Seuraa meit\u00e4!<\/h4>\nVoit seurata meit\u00e4 seuraavissa sosiaalisissa medioissa:<br \/>\n\n\t\u00a9 2020 Puustj\u00e4rven viehe oy \/ <a href=\"http:\/\/www.datataikurit.fi\">Datataikurit.fi<\/a><br \/>\n\n<p>&nbsp;<\/p>\n","protected":false},"excerpt":{"rendered":"<p>Puustj\u00e4rven tuotteet ovat jo vuosikymmenten ajan kuuluneet jokaisen kalastajan perusvalikoimiin. August Puustj\u00e4rvi &#8221;kello-August&#8221; perusti Puustj\u00e4rven 1800-luvulla. August aloitti kello-ja kultasepp\u00e4n\u00e4, mutta toiminta laajeni my\u00f6hemmin my\u00f6s uistinten valmistukseen ja myyntiin. Pilkkej\u00e4 Puustj\u00e4rvi alkoi tehd\u00e4 arviolta 1950 -luvulla. Toiminnan laajentuessa yhti\u00f6 jaettiin Puustj\u00e4rven kello-ja kultaliikkeeseen sek\u00e4 H. Puustj\u00e4rvi Oy:n. 1986 omistajan vaihtuessa nimi muutettiin Puustj\u00e4rven Viehe Ky:ksi&hellip;<\/p>\n","protected":false},"author":1,"featured_media":0,"parent":0,"menu_order":0,"comment_status":"closed","ping_status":"closed","template":"tpl-no-header-footer.php","meta":{"footnotes":""},"class_list":["post-35","page","type-page","status-publish","hentry"],"_links":{"self":[{"href":"https:\/\/puustjarvenviehe.fi\/index.php?rest_route=\/wp\/v2\/pages\/35","targetHints":{"allow":["GET"]}}],"collection":[{"href":"https:\/\/puustjarvenviehe.fi\/index.php?rest_route=\/wp\/v2\/pages"}],"about":[{"href":"https:\/\/puustjarvenviehe.fi\/index.php?rest_route=\/wp\/v2\/types\/page"}],"author":[{"embeddable":true,"href":"https:\/\/puustjarvenviehe.fi\/index.php?rest_route=\/wp\/v2\/users\/1"}],"replies":[{"embeddable":true,"href":"https:\/\/puustjarvenviehe.fi\/index.php?rest_route=%2Fwp%2Fv2%2Fcomments&post=35"}],"version-history":[{"count":19,"href":"https:\/\/puustjarvenviehe.fi\/index.php?rest_route=\/wp\/v2\/pages\/35\/revisions"}],"predecessor-version":[{"id":198,"href":"https:\/\/puustjarvenviehe.fi\/index.php?rest_route=\/wp\/v2\/pages\/35\/revisions\/198"}],"wp:attachment":[{"href":"https:\/\/puustjarvenviehe.fi\/index.php?rest_route=%2Fwp%2Fv2%2Fmedia&parent=35"}],"curies":[{"name":"wp","href":"https:\/\/api.w.org\/{rel}","templated":true}]}}